{"id":250,"date":"2020-08-20T06:46:39","date_gmt":"2020-08-20T06:46:39","guid":{"rendered":"https:\/\/ombrettanapoli.com\/index.php\/home\/"},"modified":"2023-05-26T15:52:30","modified_gmt":"2023-05-26T15:52:30","slug":"home","status":"publish","type":"page","link":"https:\/\/ombrettanapoli.com\/","title":{"rendered":"Home"},"content":{"rendered":"\n<div class=\"wp-block-uagb-container uagb-block-e7d5f83c alignfull uagb-is-root-container\"><div class=\"uagb-container-inner-blocks-wrap\">\n<div class=\"wp-block-uagb-container uagb-block-de2ff14d\">\n<div class=\"wp-block-uagb-advanced-heading uagb-block-e2b966b8\"><h2 class=\"uagb-heading-text\">        Valores para la Vida<\/h2><\/div>\n\n\n\n<div class=\"wp-block-uagb-info-box uagb-block-c8162f42 uagb-infobox__content-wrap  uagb-infobox-icon-above-title uagb-infobox-image-valign-top\"><div class=\"uagb-ifb-content\"><div class=\"uagb-ifb-icon-wrap\"><svg xmlns=\"https:\/\/www.w3.org\/2000\/svg\" viewBox=\"0 0 512 512\"><path d=\"M0 256C0 114.6 114.6 0 256 0C397.4 0 512 114.6 512 256C512 397.4 397.4 512 256 512C114.6 512 0 397.4 0 256zM371.8 211.8C382.7 200.9 382.7 183.1 371.8 172.2C360.9 161.3 343.1 161.3 332.2 172.2L224 280.4L179.8 236.2C168.9 225.3 151.1 225.3 140.2 236.2C129.3 247.1 129.3 264.9 140.2 275.8L204.2 339.8C215.1 350.7 232.9 350.7 243.8 339.8L371.8 211.8z\"><\/path><\/svg><\/div><div class=\"uagb-ifb-title-wrap\"><h3 class=\"uagb-ifb-title\">\u00a8Explorando los fundamentos: \u00bfQu\u00e9 son los valores y por qu\u00e9 son esenciales para una vida plena? \u00a8<\/h3><\/div><p class=\"uagb-ifb-desc\">Los Valores para la Vida es una reveladora exploraci\u00f3n de como vivir en sinton\u00eda con nuestros valores mas profundos puede transformar nuestra existencia, desbloqueando un camino hacia la autenticidad, la conexi\u00f3n humana y un prop\u00f3sito significativo. Este libro te guiara hacia una vida plena y enriquecedora, donde descubrir\u00e1s el poder trasformador de los valores y como aplicarlos en todas las \u00e1reas de tu vida.&nbsp;<br>Prep\u00e1rate para emprender un viaje interior que te llevara a descubrir tu verdadero potencial y vivir una vida verdaderamente significativa..<\/p><\/div><\/div>\n<\/div>\n\n\n\n<div class=\"wp-block-uagb-container uagb-block-284d8c69\">\n<div class=\"wp-block-uagb-image alignright uagb-block-d9dcc769 wp-block-uagb-image--layout-default wp-block-uagb-image--effect-static wp-block-uagb-image--align-right\"><figure class=\"wp-block-uagb-image__figure\"><img decoding=\"async\" srcset=\"https:\/\/ombrettanapoli.com\/wp-content\/uploads\/2023\/05\/smartmockups_lhriy404-684x1024.png ,https:\/\/ombrettanapoli.com\/wp-content\/uploads\/2020\/05\/kindle-001-free-img.png 780w, https:\/\/ombrettanapoli.com\/wp-content\/uploads\/2023\/05\/smartmockups_lhriy404-684x1024.png 360w\" sizes=\"auto, (max-width: 480px) 150px\" src=\"https:\/\/ombrettanapoli.com\/wp-content\/uploads\/2023\/05\/smartmockups_lhriy404-684x1024.png\" alt=\"\" class=\"uag-image-1211\" width=\"684\" height=\"1024\" title=\"\" loading=\"lazy\"\/><\/figure><\/div>\n<\/div>\n<\/div><\/div>\n\n\n\n<div class=\"wp-block-uagb-container uagb-block-ef811e37 alignfull uagb-is-root-container\"><div class=\"uagb-container-inner-blocks-wrap\">\n<div class=\"wp-block-uagb-info-box uagb-block-8a6e3859 uagb-infobox__content-wrap  uagb-infobox-icon-above-title uagb-infobox-image-valign-top\"><div class=\"uagb-ifb-content\"><div class=\"uagb-ifb-title-wrap\"><h2 class=\"uagb-ifb-title\">\u00a1Lo quiero!<\/h2><\/div><p class=\"uagb-ifb-desc\">Los Valores para la Vida est\u00e1 disponible en Amazon en la versi\u00f3n E-BOOK y en versi\u00f3n TAPA BLANDA<\/p><div class=\"uagb-ifb-separator\"><\/div><\/div><\/div>\n\n\n\n<figure class=\"wp-block-embed alignright is-type-rich is-provider-amazon wp-block-embed-amazon\"><div class=\"wp-block-embed__wrapper\">\n<iframe loading=\"lazy\" title=\"Los Valores para la Vida: &#034;Explorando los fundamentos: \u00bfQu\u00e9 son los valores y por qu\u00e9 son esenciales para una vida plena?&#034;\" type=\"text\/html\" width=\"500\" height=\"550\" frameborder=\"0\" allowfullscreen style=\"max-width:100%\" src=\"https:\/\/leer.amazon.es\/kp\/card?preview=inline&#038;linkCode=kpd&#038;ref_=k4w_oembed_uKf8LP7xltbu0L&#038;asin=B0C5KNR81W&#038;tag=kpembed-20\"><\/iframe>\n<\/div><\/figure>\n<\/div><\/div>\n\n\n\n<div class=\"wp-block-uagb-info-box uagb-block-c0defcad uagb-infobox__content-wrap  uagb-infobox-icon-above-title uagb-infobox-image-valign-top\"><div class=\"uagb-ifb-content\"><div class=\"uagb-ifb-icon-wrap\"><svg xmlns=\"https:\/\/www.w3.org\/2000\/svg\" viewBox=\"0 0 512 512\"><path d=\"M0 256C0 114.6 114.6 0 256 0C397.4 0 512 114.6 512 256C512 397.4 397.4 512 256 512C114.6 512 0 397.4 0 256zM371.8 211.8C382.7 200.9 382.7 183.1 371.8 172.2C360.9 161.3 343.1 161.3 332.2 172.2L224 280.4L179.8 236.2C168.9 225.3 151.1 225.3 140.2 236.2C129.3 247.1 129.3 264.9 140.2 275.8L204.2 339.8C215.1 350.7 232.9 350.7 243.8 339.8L371.8 211.8z\"><\/path><\/svg><\/div><div class=\"uagb-ifb-title-wrap\"><h3 class=\"uagb-ifb-title\">Sobre Valores para la vida<\/h3><\/div><p class=\"uagb-ifb-desc\">En general, explorar y descubrir nuestros valores mas profundos puede ser un proceso transformador, ya que nos invita a reflexionar sobre lo que realmente nos importa y como podemos vivir de acuerdo con ello. Si el libro \u00a8Los valores para la vida\u00a8 ofrece una guia clara y practica para realizar este proceso, puede ser una herramienta valiosa para aquellos que esten interesados en explorar su verdadero pontencial y vivir una vida mas significativa.<\/p><\/div><\/div>\n\n\n\n<div class=\"wp-block-uagb-container uagb-block-7c8e0942 alignfull uagb-is-root-container\"><div class=\"uagb-container-inner-blocks-wrap\">\n<div class=\"wp-block-uagb-advanced-heading uagb-block-7105e2c0\"><h5 class=\"uagb-heading-text\">Carlos &#8211; Barcelona<\/h5><\/div>\n\n\n\n<div class=\"wp-block-uagb-star-rating uagb-block-5f186ba4\"><p class=\"uag-star-rating__title\">El Valor para la Vida<\/p><div class=\"uag-star-rating\" title=\"5\/5\"><span class=\"uag-star\">\u2605<\/span><span class=\"uag-star\">\u2605<\/span><span class=\"uag-star\">\u2605<\/span><span class=\"uag-star\">\u2605<\/span><span class=\"uag-star\">\u2605<\/span><\/div><\/div>\n<\/div><\/div>\n","protected":false},"excerpt":{"rendered":"<p>Valores para la Vida Carlos &#8211; Barcelona<\/p>\n","protected":false},"author":1,"featured_media":0,"parent":0,"menu_order":0,"comment_status":"closed","ping_status":"closed","template":"","meta":{"_uag_custom_page_level_css":"","site-sidebar-layout":"no-sidebar","site-content-layout":"plain-container","ast-site-content-layout":"default","site-content-style":"default","site-sidebar-style":"default","ast-global-header-display":"","ast-banner-title-visibility":"","ast-main-header-display":"","ast-hfb-above-header-display":"","ast-hfb-below-header-display":"","ast-hfb-mobile-header-display":"","site-post-title":"disabled","ast-breadcrumbs-content":"","ast-featured-img":"disabled","footer-sml-layout":"","ast-disable-related-posts":"","theme-transparent-header-meta":"enabled","adv-header-id-meta":"","stick-header-meta":"","header-above-stick-meta":"","header-main-stick-meta":"","header-below-stick-meta":"","astra-migrate-meta-layouts":"default","ast-page-background-enabled":"default","ast-page-background-meta":{"desktop":{"background-color":"","background-image":"","background-repeat":"repeat","background-position":"center center","background-size":"auto","background-attachment":"scroll","background-type":"","background-media":"","overlay-type":"","overlay-color":"","overlay-opacity":"","overlay-gradient":""},"tablet":{"background-color":"","background-image":"","background-repeat":"repeat","background-position":"center center","background-size":"auto","background-attachment":"scroll","background-type":"","background-media":"","overlay-type":"","overlay-color":"","overlay-opacity":"","overlay-gradient":""},"mobile":{"background-color":"","background-image":"","background-repeat":"repeat","background-position":"center center","background-size":"auto","background-attachment":"scroll","background-type":"","background-media":"","overlay-type":"","overlay-color":"","overlay-opacity":"","overlay-gradient":""}},"ast-content-background-meta":{"desktop":{"background-color":"var(--ast-global-color-5)","background-image":"","background-repeat":"repeat","background-position":"center center","background-size":"auto","background-attachment":"scroll","background-type":"","background-media":"","overlay-type":"","overlay-color":"","overlay-opacity":"","overlay-gradient":""},"tablet":{"background-color":"var(--ast-global-color-5)","background-image":"","background-repeat":"repeat","background-position":"center center","background-size":"auto","background-attachment":"scroll","background-type":"","background-media":"","overlay-type":"","overlay-color":"","overlay-opacity":"","overlay-gradient":""},"mobile":{"background-color":"var(--ast-global-color-5)","background-image":"","background-repeat":"repeat","background-position":"center center","background-size":"auto","background-attachment":"scroll","background-type":"","background-media":"","overlay-type":"","overlay-color":"","overlay-opacity":"","overlay-gradient":""}},"footnotes":""},"class_list":["post-250","page","type-page","status-publish","hentry"],"uagb_featured_image_src":{"full":false,"thumbnail":false,"medium":false,"medium_large":false,"large":false,"1536x1536":false,"2048x2048":false},"uagb_author_info":{"display_name":"ombrettanapoli","author_link":"https:\/\/ombrettanapoli.com\/index.php\/author\/ombrettanapoli\/"},"uagb_comment_info":0,"uagb_excerpt":"Valores para la Vida Carlos &#8211; Barcelona","_links":{"self":[{"href":"https:\/\/ombrettanapoli.com\/index.php\/wp-json\/wp\/v2\/pages\/250","targetHints":{"allow":["GET"]}}],"collection":[{"href":"https:\/\/ombrettanapoli.com\/index.php\/wp-json\/wp\/v2\/pages"}],"about":[{"href":"https:\/\/ombrettanapoli.com\/index.php\/wp-json\/wp\/v2\/types\/page"}],"author":[{"embeddable":true,"href":"https:\/\/ombrettanapoli.com\/index.php\/wp-json\/wp\/v2\/users\/1"}],"replies":[{"embeddable":true,"href":"https:\/\/ombrettanapoli.com\/index.php\/wp-json\/wp\/v2\/comments?post=250"}],"version-history":[{"count":13,"href":"https:\/\/ombrettanapoli.com\/index.php\/wp-json\/wp\/v2\/pages\/250\/revisions"}],"predecessor-version":[{"id":1257,"href":"https:\/\/ombrettanapoli.com\/index.php\/wp-json\/wp\/v2\/pages\/250\/revisions\/1257"}],"wp:attachment":[{"href":"https:\/\/ombrettanapoli.com\/index.php\/wp-json\/wp\/v2\/media?parent=250"}],"curies":[{"name":"wp","href":"https:\/\/api.w.org\/{rel}","templated":true}]}}