{"id":252,"date":"2020-08-20T06:49:08","date_gmt":"2020-08-20T06:49:08","guid":{"rendered":"https:\/\/ombrettanapoli.com\/index.php\/about\/"},"modified":"2023-06-02T06:17:53","modified_gmt":"2023-06-02T06:17:53","slug":"about","status":"publish","type":"page","link":"https:\/\/ombrettanapoli.com\/index.php\/about\/","title":{"rendered":"Sobre mi"},"content":{"rendered":"\n<div class=\"wp-block-uagb-container uagb-block-37de19b7 alignfull uagb-is-root-container\"><div class=\"uagb-container-inner-blocks-wrap\">\n<div class=\"wp-block-uagb-advanced-heading uagb-block-24ae70c8\"><h1 class=\"uagb-heading-text\">Sobre Mi<\/h1><div class=\"uagb-separator\"><\/div><\/div>\n<\/div><\/div>\n\n\n\n<div class=\"wp-block-uagb-container uagb-block-fa175916 alignfull uagb-is-root-container\"><div class=\"uagb-container-inner-blocks-wrap\">\n<p><\/p>\n\n\n\n<p>Ombretta Napoli, una mujer nacida en la encantadora ciudad de Torino (Italia) el 27 de Febrero de 1969.<\/p>\n\n\n\n<p>Es un esp\u00edritu aventurero que ha heredado el mundo como su hogar. Durante los \u00faltimos 25 a\u00f1os, Ombretta ha explorado incansablemente cada rinc\u00f3n de nuestro planeta, dejando una hella de vivencias y experiencias que han enriquecido su vida de una manera extraordinaria.<\/p>\n\n\n\n<p>Desde temprana edad, Ombretta demostr\u00f3 una curiosidad innata por el conocimiento y una pasi\u00f3n por el aprendizaje.<\/p>\n\n\n\n<p>Siguiendo su llamado interior, se embarc\u00f3 en una s\u00f3lida preparaci\u00f3n acad\u00e9mica en Business Administraci\u00f3n, Direcci\u00f3n de Hotel y Contabilidad, adquiriendo habilidades que se convertir\u00edan en pilares fundamentales de su trayectoria profesional.<\/p>\n\n\n\n<p>Con una vocaci\u00f3n y experiencia envidiables. Su destreza en el liderazgo internacional la ha llevado a enfrentar desaf\u00edos con confianza y a forjar relaciones significativas en diversos entornos culturales.<\/p>\n\n\n\n<p>Mas all\u00e1 de sus logros profesionales, Ombretta es conocida por su amor incondicional hacia los animales y su compromiso con su bienestar. Su dedicaci\u00f3n y empat\u00eda hacia los animales son testimonios de su coraz\u00f3n generoso y su deseo de hacer del mundo un lugar mejor.<\/p>\n\n\n\n<p>A pesar de su agitada vida, Ombretta encuentra su serenidad en la tranquilidad.<\/p>\n\n\n\n<p>Buscadora incansable de momentos de calma y paz, aprovecha cada oportunidad para conectarse con la naturaleza y encontrar equilibrio en su interior. Esta conexi\u00f3n con la tranquilidad ha influido profundamente en su visi\u00f3n del mundo y ha nutrido su creatividad, dot\u00e1ndola de una perspectiva \u00fanica que se refleja en su obra y en su capacidad para trasmitir emociones a trav\u00e9s de sus escritos.<\/p>\n<\/div><\/div>\n\n\n\n<div class=\"wp-block-uagb-container uagb-block-388b2885 alignfull uagb-is-root-container\"><div class=\"uagb-container-inner-blocks-wrap\">\n<div class=\"wp-block-uagb-image aligncenter uagb-block-39c18488 wp-block-uagb-image--layout-default wp-block-uagb-image--effect-static wp-block-uagb-image--align-center\"><figure class=\"wp-block-uagb-image__figure\"><img decoding=\"async\" srcset=\"https:\/\/ombrettanapoli.com\/wp-content\/uploads\/2023\/05\/foto-de-perfil-instagram-redes-sociales-acuarela-aesthetic-rosa-1.png ,https:\/\/ombrettanapoli.com\/wp-content\/uploads\/2023\/05\/foto-de-perfil-instagram-redes-sociales-acuarela-aesthetic-rosa-1.png 780w, https:\/\/ombrettanapoli.com\/wp-content\/uploads\/2023\/05\/foto-de-perfil-instagram-redes-sociales-acuarela-aesthetic-rosa-1.png 360w\" sizes=\"auto, (max-width: 480px) 150px\" src=\"https:\/\/ombrettanapoli.com\/wp-content\/uploads\/2023\/05\/foto-de-perfil-instagram-redes-sociales-acuarela-aesthetic-rosa-1.png\" alt=\"\" class=\"uag-image-1223\" width=\"319\" height=\"319\" title=\"\" loading=\"lazy\"\/><\/figure><\/div>\n<\/div><\/div>\n\n\n\n<div class=\"wp-block-uagb-container uagb-block-5e2e7210 alignfull uagb-is-root-container\"><div class=\"uagb-container-inner-blocks-wrap\">\n<div class=\"wp-block-uagb-advanced-heading uagb-block-39d8bb34\"><h4 class=\"uagb-heading-text\">&#8221; &#8220;Los valores para la vida es un libro inspirador que nos ense\u00f1a la importancia de vivir de acuerdo con principios s\u00f3lidos y \u00e9ticos. Me encant\u00f3 la forma en que el autor presenta ejemplos pr\u00e1cticos y reflexiones profundas que nos invitan a reflexionar sobre nuestra propia vida. \u00a1Altamente recomendado!&#8221;&#8221;<\/h4><p class=\"uagb-desc-text\">&#8211; Maria &#8211; Vigo<\/p><\/div>\n\n\n\n<div class=\"wp-block-uagb-advanced-heading uagb-block-a91d5aa7\"><h4 class=\"uagb-heading-text\">&#8220;&#8221;Este libro me impact\u00f3 profundamente. Los valores para la vida ofrece una gu\u00eda clara y concreta sobre c\u00f3mo cultivar y aplicar valores fundamentales en nuestra vida diaria. Cada cap\u00edtulo es una joya de sabidur\u00eda que nos anima a vivir una vida significativa y llena de prop\u00f3sito. \u00a1No puedo dejar de recomendarlo!&#8221;<\/h4><p class=\"uagb-desc-text\">&#8211; Maria Jesus &#8211; Pamplona<\/p><\/div>\n\n\n\n<div class=\"wp-block-uagb-advanced-heading uagb-block-efd21450\"><h4 class=\"uagb-heading-text\">&#8221; Los valores para la vida es una lectura imprescindible para todos aquellos que deseen fortalecer su car\u00e1cter y encontrar un sentido m\u00e1s profundo en sus acciones.&#8221;<\/h4><p class=\"uagb-desc-text\">&#8211; Julio &#8211; Madrid<\/p><\/div>\n\n\n\n<div class=\"wp-block-uagb-advanced-heading uagb-block-d01bfc3b\"><h4 class=\"uagb-heading-text\">&#8220;Me encant\u00f3 la claridad y la estructura de Los valores para la vida. Es un libro pr\u00e1ctico que ofrece consejos y  encuentro el test final muy acertado. La autora  logra transmitir su mensaje de una manera accesible y motivadora.&#8221;<\/h4><p class=\"uagb-desc-text\">&#8211; Noelia &#8211; Madrid<\/p><\/div>\n<\/div><\/div>\n","protected":false},"excerpt":{"rendered":"<p>Sobre Mi Ombretta Napoli, una mujer nacida en la encantadora ciudad de Torino (Italia) el 27 de Febrero de 1969. Es un esp\u00edritu aventurero que ha heredado el mundo como su hogar. Durante los \u00faltimos 25 a\u00f1os, Ombretta ha explorado incansablemente cada rinc\u00f3n de nuestro planeta, dejando una hella de vivencias y experiencias que han [&hellip;]<\/p>\n","protected":false},"author":1,"featured_media":0,"parent":0,"menu_order":0,"comment_status":"closed","ping_status":"closed","template":"","meta":{"_uag_custom_page_level_css":"","site-sidebar-layout":"no-sidebar","site-content-layout":"plain-container","ast-site-content-layout":"default","site-content-style":"default","site-sidebar-style":"default","ast-global-header-display":"","ast-banner-title-visibility":"","ast-main-header-display":"","ast-hfb-above-header-display":"","ast-hfb-below-header-display":"","ast-hfb-mobile-header-display":"","site-post-title":"disabled","ast-breadcrumbs-content":"","ast-featured-img":"disabled","footer-sml-layout":"","ast-disable-related-posts":"","theme-transparent-header-meta":"enabled","adv-header-id-meta":"","stick-header-meta":"","header-above-stick-meta":"","header-main-stick-meta":"","header-below-stick-meta":"","astra-migrate-meta-layouts":"default","ast-page-background-enabled":"default","ast-page-background-meta":{"desktop":{"background-color":"","background-image":"","background-repeat":"repeat","background-position":"center center","background-size":"auto","background-attachment":"scroll","background-type":"","background-media":"","overlay-type":"","overlay-color":"","overlay-opacity":"","overlay-gradient":""},"tablet":{"background-color":"","background-image":"","background-repeat":"repeat","background-position":"center center","background-size":"auto","background-attachment":"scroll","background-type":"","background-media":"","overlay-type":"","overlay-color":"","overlay-opacity":"","overlay-gradient":""},"mobile":{"background-color":"","background-image":"","background-repeat":"repeat","background-position":"center center","background-size":"auto","background-attachment":"scroll","background-type":"","background-media":"","overlay-type":"","overlay-color":"","overlay-opacity":"","overlay-gradient":""}},"ast-content-background-meta":{"desktop":{"background-color":"var(--ast-global-color-5)","background-image":"","background-repeat":"repeat","background-position":"center center","background-size":"auto","background-attachment":"scroll","background-type":"","background-media":"","overlay-type":"","overlay-color":"","overlay-opacity":"","overlay-gradient":""},"tablet":{"background-color":"var(--ast-global-color-5)","background-image":"","background-repeat":"repeat","background-position":"center center","background-size":"auto","background-attachment":"scroll","background-type":"","background-media":"","overlay-type":"","overlay-color":"","overlay-opacity":"","overlay-gradient":""},"mobile":{"background-color":"var(--ast-global-color-5)","background-image":"","background-repeat":"repeat","background-position":"center center","background-size":"auto","background-attachment":"scroll","background-type":"","background-media":"","overlay-type":"","overlay-color":"","overlay-opacity":"","overlay-gradient":""}},"footnotes":""},"class_list":["post-252","page","type-page","status-publish","hentry"],"uagb_featured_image_src":{"full":false,"thumbnail":false,"medium":false,"medium_large":false,"large":false,"1536x1536":false,"2048x2048":false},"uagb_author_info":{"display_name":"ombrettanapoli","author_link":"https:\/\/ombrettanapoli.com\/index.php\/author\/ombrettanapoli\/"},"uagb_comment_info":0,"uagb_excerpt":"Sobre Mi Ombretta Napoli, una mujer nacida en la encantadora ciudad de Torino (Italia) el 27 de Febrero de 1969. Es un esp\u00edritu aventurero que ha heredado el mundo como su hogar. Durante los \u00faltimos 25 a\u00f1os, Ombretta ha explorado incansablemente cada rinc\u00f3n de nuestro planeta, dejando una hella de vivencias y experiencias que han&hellip;","_links":{"self":[{"href":"https:\/\/ombrettanapoli.com\/index.php\/wp-json\/wp\/v2\/pages\/252","targetHints":{"allow":["GET"]}}],"collection":[{"href":"https:\/\/ombrettanapoli.com\/index.php\/wp-json\/wp\/v2\/pages"}],"about":[{"href":"https:\/\/ombrettanapoli.com\/index.php\/wp-json\/wp\/v2\/types\/page"}],"author":[{"embeddable":true,"href":"https:\/\/ombrettanapoli.com\/index.php\/wp-json\/wp\/v2\/users\/1"}],"replies":[{"embeddable":true,"href":"https:\/\/ombrettanapoli.com\/index.php\/wp-json\/wp\/v2\/comments?post=252"}],"version-history":[{"count":7,"href":"https:\/\/ombrettanapoli.com\/index.php\/wp-json\/wp\/v2\/pages\/252\/revisions"}],"predecessor-version":[{"id":1269,"href":"https:\/\/ombrettanapoli.com\/index.php\/wp-json\/wp\/v2\/pages\/252\/revisions\/1269"}],"wp:attachment":[{"href":"https:\/\/ombrettanapoli.com\/index.php\/wp-json\/wp\/v2\/media?parent=252"}],"curies":[{"name":"wp","href":"https:\/\/api.w.org\/{rel}","templated":true}]}}